{"id":2,"date":"2020-12-03T10:36:53","date_gmt":"2020-12-03T09:36:53","guid":{"rendered":"http:\/\/delsbovvo.se\/?page_id=2"},"modified":"2025-10-06T20:55:55","modified_gmt":"2025-10-06T18:55:55","slug":"exempelsida","status":"publish","type":"page","link":"https:\/\/delsbovvo.se\/index.php\/exempelsida\/","title":{"rendered":"Tillsyn Delsbo VVO"},"content":{"rendered":"\t\t<div data-elementor-type=\"wp-page\" data-elementor-id=\"2\" class=\"elementor elementor-2\" data-elementor-post-type=\"page\">\n\t\t\t\t\t\t<section class=\"elementor-section elementor-top-section elementor-element elementor-element-6a3303a1 elementor-section-boxed elementor-section-height-default elementor-section-height-default\" data-id=\"6a3303a1\" data-element_type=\"section\" data-e-type=\"section\">\n\t\t\t\t\t\t<div class=\"elementor-container elementor-column-gap-default\">\n\t\t\t\t\t<div class=\"elementor-column elementor-col-100 elementor-top-column elementor-element elementor-element-3258a370\" data-id=\"3258a370\" data-element_type=\"column\" data-e-type=\"column\">\n\t\t\t<div class=\"elementor-widget-wrap elementor-element-populated\">\n\t\t\t\t\t\t<div class=\"elementor-element elementor-element-238d49a9 elementor-widget elementor-widget-text-editor\" data-id=\"238d49a9\" data-element_type=\"widget\" data-e-type=\"widget\" data-widget_type=\"text-editor.default\">\n\t\t\t\t<div class=\"elementor-widget-container\">\n\t\t\t\t\t\t\t\t\t<p class=\"has-black-color has-text-color has-link-color\"><strong>Styrelsen har gemensamt beslutat att genomf\u00f6ra tillsyn f\u00f6r att kontrollera giltigt jaktkort samt r\u00e4tten att jaga inom Delsbo VVO.<\/strong><\/p>\n<p><!-- \/wp:paragraph --><!-- wp:paragraph --><\/p>\n<p>&#8211; Om du blir kontrollerad, bem\u00f6t tillsynspersonalen med god ton och visa f\u00f6rst\u00e5else. Syftet med dessa kontroller \u00e4r att fr\u00e4mja ordning och s\u00e4kerhet inom Delsbo VVO.<\/p>\n<p><!-- \/wp:paragraph --><!-- wp:paragraph --><\/p>\n<p><!-- \/wp:paragraph --><!-- wp:paragraph --><\/p>\n<p><!-- \/wp:paragraph --><!-- wp:group {\"layout\":{\"type\":\"flex\",\"orientation\":\"vertical\"}} --><\/p>\n<div class=\"wp-block-group\">\n<p><!-- wp:paragraph --><\/p>\n<p>\u00a0<\/p>\n<p>\u00a0<\/p>\n<p><strong>Har du som mark\u00e4gare eller j\u00e4gare information att dela med Delsbo VVO g\u00e4llande n\u00e5got som r\u00f6r jakten?<\/strong><\/p>\n<p><!-- \/wp:paragraph --><!-- wp:paragraph --><\/p>\n<p>&#8211; Om du har information om n\u00e5got som intr\u00e4ffat eller p\u00e5g\u00e5r i samband med jakt, \u00e4r du v\u00e4lkommen att kontakta oss via e-post eller telefon. Kontaktuppgifter till ansvariga personer hittar du under fliken &#8221;Kontakter&#8221;.<\/p>\n<p><!-- \/wp:paragraph --><\/p>\n<\/div>\n<p><!-- \/wp:group --><\/p>\t\t\t\t\t\t\t\t<\/div>\n\t\t\t\t<\/div>\n\t\t\t\t\t<\/div>\n\t\t<\/div>\n\t\t\t\t\t<\/div>\n\t\t<\/section>\n\t\t\t\t<\/div>\n\t\t","protected":false},"excerpt":{"rendered":"<p>Styrelsen har gemensamt beslutat att genomf\u00f6ra tillsyn f\u00f6r att kontrollera giltigt jaktkort samt r\u00e4tten att jaga inom Delsbo VVO. &#8211; Om du blir kontrollerad, bem\u00f6t tillsynspersonalen med god ton och visa f\u00f6rst\u00e5else. Syftet med dessa kontroller \u00e4r att fr\u00e4mja ordning och s\u00e4kerhet inom Delsbo VVO. \u00a0 \u00a0 Har du som mark\u00e4gare eller j\u00e4gare information att [&hellip;]<\/p>\n","protected":false},"author":1,"featured_media":0,"parent":0,"menu_order":0,"comment_status":"closed","ping_status":"open","template":"","meta":{"_acf_changed":false,"footnotes":""},"class_list":["post-2","page","type-page","status-publish","hentry"],"acf":[],"_links":{"self":[{"href":"https:\/\/delsbovvo.se\/index.php\/wp-json\/wp\/v2\/pages\/2","targetHints":{"allow":["GET"]}}],"collection":[{"href":"https:\/\/delsbovvo.se\/index.php\/wp-json\/wp\/v2\/pages"}],"about":[{"href":"https:\/\/delsbovvo.se\/index.php\/wp-json\/wp\/v2\/types\/page"}],"author":[{"embeddable":true,"href":"https:\/\/delsbovvo.se\/index.php\/wp-json\/wp\/v2\/users\/1"}],"replies":[{"embeddable":true,"href":"https:\/\/delsbovvo.se\/index.php\/wp-json\/wp\/v2\/comments?post=2"}],"version-history":[{"count":1,"href":"https:\/\/delsbovvo.se\/index.php\/wp-json\/wp\/v2\/pages\/2\/revisions"}],"predecessor-version":[{"id":3309,"href":"https:\/\/delsbovvo.se\/index.php\/wp-json\/wp\/v2\/pages\/2\/revisions\/3309"}],"wp:attachment":[{"href":"https:\/\/delsbovvo.se\/index.php\/wp-json\/wp\/v2\/media?parent=2"}],"curies":[{"name":"wp","href":"https:\/\/api.w.org\/{rel}","templated":true}]}}