{"id":222,"date":"2020-12-10T15:20:18","date_gmt":"2020-12-10T14:20:18","guid":{"rendered":"http:\/\/delsbovvo.se\/?page_id=222"},"modified":"2025-10-09T20:37:48","modified_gmt":"2025-10-09T18:37:48","slug":"regler-och-stadgar","status":"publish","type":"page","link":"https:\/\/delsbovvo.se\/index.php\/regler-och-stadgar\/","title":{"rendered":"Regler och stadgar"},"content":{"rendered":"\t\t<div data-elementor-type=\"wp-page\" data-elementor-id=\"222\" class=\"elementor elementor-222\" data-elementor-post-type=\"page\">\n\t\t\t\t\t\t<section class=\"elementor-section elementor-top-section elementor-element elementor-element-5f56b41 elementor-section-height-full elementor-section-boxed elementor-section-height-default elementor-section-items-middle\" data-id=\"5f56b41\" data-element_type=\"section\" data-e-type=\"section\" data-settings=\"{&quot;background_background&quot;:&quot;classic&quot;}\">\n\t\t\t\t\t\t\t<div class=\"elementor-background-overlay\"><\/div>\n\t\t\t\t\t\t\t<div class=\"elementor-container elementor-column-gap-default\">\n\t\t\t\t\t<div class=\"elementor-column elementor-col-100 elementor-top-column elementor-element elementor-element-74b541b\" data-id=\"74b541b\" data-element_type=\"column\" data-e-type=\"column\">\n\t\t\t<div class=\"elementor-widget-wrap elementor-element-populated\">\n\t\t\t\t\t\t<section class=\"elementor-section elementor-inner-section elementor-element elementor-element-577f66f elementor-section-boxed elementor-section-height-default elementor-section-height-default elementor-invisible\" data-id=\"577f66f\" data-element_type=\"section\" data-e-type=\"section\" data-settings=\"{&quot;animation&quot;:&quot;fadeInLeft&quot;}\">\n\t\t\t\t\t\t<div class=\"elementor-container elementor-column-gap-default\">\n\t\t\t\t\t<div class=\"elementor-column elementor-col-100 elementor-inner-column elementor-element elementor-element-0dac5e5\" data-id=\"0dac5e5\" data-element_type=\"column\" data-e-type=\"column\">\n\t\t\t<div class=\"elementor-widget-wrap elementor-element-populated\">\n\t\t\t\t\t\t<div class=\"elementor-element elementor-element-90de039 elementor-widget elementor-widget-heading\" data-id=\"90de039\" data-element_type=\"widget\" data-e-type=\"widget\" data-widget_type=\"heading.default\">\n\t\t\t\t<div class=\"elementor-widget-container\">\n\t\t\t\t\t<h1 class=\"elementor-heading-title elementor-size-default\">Regler och stadgar<\/h1>\t\t\t\t<\/div>\n\t\t\t\t<\/div>\n\t\t\t\t<div class=\"elementor-element elementor-element-edf078e elementor-widget elementor-widget-heading\" data-id=\"edf078e\" data-element_type=\"widget\" data-e-type=\"widget\" data-widget_type=\"heading.default\">\n\t\t\t\t<div class=\"elementor-widget-container\">\n\t\t\t\t\t<h4 class=\"elementor-heading-title elementor-size-default\">H\u00e4r hittar du vad som g\u00e4ller vid jakt inom Delsbo VVO<\/h4>\t\t\t\t<\/div>\n\t\t\t\t<\/div>\n\t\t\t\t<div class=\"elementor-element elementor-element-c06e017 elementor-mobile-align-center elementor-tablet-align-center elementor-widget elementor-widget-button\" data-id=\"c06e017\" data-element_type=\"widget\" data-e-type=\"widget\" data-widget_type=\"button.default\">\n\t\t\t\t<div class=\"elementor-widget-container\">\n\t\t\t\t\t\t\t\t\t<div class=\"elementor-button-wrapper\">\n\t\t\t\t\t<a class=\"elementor-button elementor-button-link elementor-size-md\" href=\"https:\/\/www.ijakt.se\/jakt-delsbo-vvo.htm\">\n\t\t\t\t\t\t<span class=\"elementor-button-content-wrapper\">\n\t\t\t\t\t\t<span class=\"elementor-button-icon\">\n\t\t\t\t<i aria-hidden=\"true\" class=\"fas fa-thumbtack\"><\/i>\t\t\t<\/span>\n\t\t\t\t\t\t\t\t\t<span class=\"elementor-button-text\">Regler och stadgar<\/span>\n\t\t\t\t\t<\/span>\n\t\t\t\t\t<\/a>\n\t\t\t\t<\/div>\n\t\t\t\t\t\t\t\t<\/div>\n\t\t\t\t<\/div>\n\t\t\t\t\t<\/div>\n\t\t<\/div>\n\t\t\t\t\t<\/div>\n\t\t<\/section>\n\t\t\t\t\t<\/div>\n\t\t<\/div>\n\t\t\t\t\t<\/div>\n\t\t<\/section>\n\t\t\t\t<section class=\"elementor-section elementor-top-section elementor-element elementor-element-4cf453d elementor-section-boxed elementor-section-height-default elementor-section-height-default\" data-id=\"4cf453d\" data-element_type=\"section\" data-e-type=\"section\">\n\t\t\t\t\t\t<div class=\"elementor-container elementor-column-gap-default\">\n\t\t\t\t\t<div class=\"elementor-column elementor-col-100 elementor-top-column elementor-element elementor-element-174ef1a\" data-id=\"174ef1a\" data-element_type=\"column\" data-e-type=\"column\">\n\t\t\t<div class=\"elementor-widget-wrap elementor-element-populated\">\n\t\t\t\t\t\t<div class=\"elementor-element elementor-element-cbe5952 elementor-widget elementor-widget-heading\" data-id=\"cbe5952\" data-element_type=\"widget\" data-e-type=\"widget\" data-widget_type=\"heading.default\">\n\t\t\t\t<div class=\"elementor-widget-container\">\n\t\t\t\t\t<h2 class=\"elementor-heading-title elementor-size-default\">Regler och stadgar<\/h2>\t\t\t\t<\/div>\n\t\t\t\t<\/div>\n\t\t\t\t\t<\/div>\n\t\t<\/div>\n\t\t\t\t\t<\/div>\n\t\t<\/section>\n\t\t\t\t<section class=\"elementor-section elementor-top-section elementor-element elementor-element-0fd49ba elementor-section-boxed elementor-section-height-default elementor-section-height-default\" data-id=\"0fd49ba\" data-element_type=\"section\" data-e-type=\"section\">\n\t\t\t\t\t\t<div class=\"elementor-container elementor-column-gap-default\">\n\t\t\t\t\t<div class=\"elementor-column elementor-col-100 elementor-top-column elementor-element elementor-element-77ad936\" data-id=\"77ad936\" data-element_type=\"column\" data-e-type=\"column\">\n\t\t\t<div class=\"elementor-widget-wrap elementor-element-populated\">\n\t\t\t\t\t\t<div class=\"elementor-element elementor-element-7447901 elementor-widget elementor-widget-text-editor\" data-id=\"7447901\" data-element_type=\"widget\" data-e-type=\"widget\" data-widget_type=\"text-editor.default\">\n\t\t\t\t<div class=\"elementor-widget-container\">\n\t\t\t\t\t\t\t\t\t<h6><strong>Information om v\u00e5ra stadgar finner du vid k\u00f6p av jaktkort samt i dokumentationen nedan.\u00a0<\/strong><\/h6>\t\t\t\t\t\t\t\t<\/div>\n\t\t\t\t<\/div>\n\t\t\t\t<section class=\"elementor-section elementor-inner-section elementor-element elementor-element-ae8fff8 elementor-section-boxed elementor-section-height-default elementor-section-height-default\" data-id=\"ae8fff8\" data-element_type=\"section\" data-e-type=\"section\">\n\t\t\t\t\t\t<div class=\"elementor-container elementor-column-gap-default\">\n\t\t\t\t\t<div class=\"elementor-column elementor-col-50 elementor-inner-column elementor-element elementor-element-615a4f0\" data-id=\"615a4f0\" data-element_type=\"column\" data-e-type=\"column\">\n\t\t\t<div class=\"elementor-widget-wrap elementor-element-populated\">\n\t\t\t\t\t\t<div class=\"elementor-element elementor-element-20d93fe elementor-icon-list--layout-traditional elementor-list-item-link-full_width elementor-widget elementor-widget-icon-list\" data-id=\"20d93fe\" data-element_type=\"widget\" data-e-type=\"widget\" data-widget_type=\"icon-list.default\">\n\t\t\t\t<div class=\"elementor-widget-container\">\n\t\t\t\t\t\t\t<ul class=\"elementor-icon-list-items\">\n\t\t\t\t\t\t\t<li class=\"elementor-icon-list-item\">\n\t\t\t\t\t\t\t\t\t\t\t<a href=\"https:\/\/delsbovvo.se\/wp-content\/uploads\/2025\/10\/StadgarDelsboVVO2025.pdf\" target=\"_blank\">\n\n\t\t\t\t\t\t\t\t\t\t\t\t<span class=\"elementor-icon-list-icon\">\n\t\t\t\t\t\t\t<i aria-hidden=\"true\" class=\"fas fa-check\"><\/i>\t\t\t\t\t\t<\/span>\n\t\t\t\t\t\t\t\t\t\t<span class=\"elementor-icon-list-text\"><b>Stadgar Delsbo VVO 2025<\/b><\/span>\n\t\t\t\t\t\t\t\t\t\t\t<\/a>\n\t\t\t\t\t\t\t\t\t<\/li>\n\t\t\t\t\t\t<\/ul>\n\t\t\t\t\t\t<\/div>\n\t\t\t\t<\/div>\n\t\t\t\t\t<\/div>\n\t\t<\/div>\n\t\t\t\t<div class=\"elementor-column elementor-col-50 elementor-inner-column elementor-element elementor-element-2d8c2dc\" data-id=\"2d8c2dc\" data-element_type=\"column\" data-e-type=\"column\">\n\t\t\t<div class=\"elementor-widget-wrap elementor-element-populated\">\n\t\t\t\t\t\t<div class=\"elementor-element elementor-element-fc783a9 elementor-widget elementor-widget-image\" data-id=\"fc783a9\" data-element_type=\"widget\" data-e-type=\"widget\" data-widget_type=\"image.default\">\n\t\t\t\t<div class=\"elementor-widget-container\">\n\t\t\t\t\t\t\t\t\t\t\t\t\t\t\t<img fetchpriority=\"high\" decoding=\"async\" width=\"300\" height=\"218\" src=\"https:\/\/delsbovvo.se\/wp-content\/uploads\/2021\/03\/GettyImages-155355410-300x218.jpg\" class=\"attachment-medium size-medium wp-image-548\" alt=\"\" srcset=\"https:\/\/delsbovvo.se\/wp-content\/uploads\/2021\/03\/GettyImages-155355410-300x218.jpg 300w, https:\/\/delsbovvo.se\/wp-content\/uploads\/2021\/03\/GettyImages-155355410-1024x745.jpg 1024w, https:\/\/delsbovvo.se\/wp-content\/uploads\/2021\/03\/GettyImages-155355410-768x559.jpg 768w, https:\/\/delsbovvo.se\/wp-content\/uploads\/2021\/03\/GettyImages-155355410-1536x1118.jpg 1536w, https:\/\/delsbovvo.se\/wp-content\/uploads\/2021\/03\/GettyImages-155355410-600x437.jpg 600w, https:\/\/delsbovvo.se\/wp-content\/uploads\/2021\/03\/GettyImages-155355410.jpg 2030w\" sizes=\"(max-width: 300px) 100vw, 300px\" \/>\t\t\t\t\t\t\t\t\t\t\t\t\t\t\t<\/div>\n\t\t\t\t<\/div>\n\t\t\t\t\t<\/div>\n\t\t<\/div>\n\t\t\t\t\t<\/div>\n\t\t<\/section>\n\t\t\t\t\t<\/div>\n\t\t<\/div>\n\t\t\t\t\t<\/div>\n\t\t<\/section>\n\t\t\t\t<section class=\"elementor-section elementor-top-section elementor-element elementor-element-0297f21 elementor-section-boxed elementor-section-height-default elementor-section-height-default\" data-id=\"0297f21\" data-element_type=\"section\" data-e-type=\"section\">\n\t\t\t\t\t\t<div class=\"elementor-container elementor-column-gap-default\">\n\t\t\t\t\t<div class=\"elementor-column elementor-col-100 elementor-top-column elementor-element elementor-element-3a04bcf\" data-id=\"3a04bcf\" data-element_type=\"column\" data-e-type=\"column\">\n\t\t\t<div class=\"elementor-widget-wrap elementor-element-populated\">\n\t\t\t\t\t\t<div class=\"elementor-element elementor-element-87d2506 elementor-widget__width-inherit elementor-widget elementor-widget-text-editor\" data-id=\"87d2506\" data-element_type=\"widget\" data-e-type=\"widget\" data-widget_type=\"text-editor.default\">\n\t\t\t\t<div class=\"elementor-widget-container\">\n\t\t\t\t\t\t\t\t\t<h6>Under 2024 och 2025 har Styrelsen arbetat med uppdateringar och \u00e4ndringar av f\u00f6reningens stadgar p\u00e5 uppdrag av st\u00e4mman. Efter att nu de f\u00f6reslagna \u00e4ndringarna godk\u00e4nts p\u00e5 tv\u00e5 efter varandra f\u00f6ljande st\u00e4mmor har nu \u00e4ven L\u00e4nsstyrelsen godk\u00e4nt dessa. De nya stadgarna tr\u00e4der i kraft fr\u00e5n och med&nbsp; &nbsp; &nbsp; &nbsp; <span style=\"color: inherit; font-family: inherit; font-size: 1rem;\">2025-09-22 och finns att l\u00e4sa och ladda ner p\u00e5 hemsidan.<\/span><\/h6>\n<p><strong>Kort sammanfattat har f\u00f6ljande genomf\u00f6rts:<\/strong><br>&#8211; S\u00e4kerst\u00e4llt att tidigare stadge\u00e4ndringar blivit godk\u00e4nda av L\u00e4nsstyrelsen p\u00e5 ett korrekt s\u00e4tt, s\u00e5 att vi \u00e4r \u00f6verens om vilken textversion som g\u00e4ller.<br>&#8211; F\u00f6rtydligat rubriker och text under <b>\u00a73<\/b> Jaktut\u00f6vning s\u00e5 att det&nbsp;tydligare framg\u00e5r att vi har tre avsnitt vilka hanterar \u00c4lg, Sm\u00e5vilt och&nbsp;Rovdjur.<br>&#8211; Inom <b>\u00a75<\/b> m\u00f6jligg\u00f6ra avst\u00e4ngning av j\u00e4gare som brister i jaktetik,&nbsp;bryter mot lagstiftning inklusive jagar fr\u00e5n motorfordon.<\/p>\n<p><span style=\"font-size: 1rem;\">&#8211; Enligt <b>\u00a716, p6<\/b> har styrelsen r\u00e4tt att genomf\u00f6ra jaktbevakning. Med&nbsp;<\/span><span style=\"font-size: 1rem;\">\u00e4ndringen har nu styrelsen \u00e4ven r\u00e4tt att besluta om eventuella p\u00e5f\u00f6ljder&nbsp;<\/span><span style=\"font-size: 1rem;\">n\u00e4r j\u00e4gare bryter mot lagar, regler, stadgar etc.<\/span><\/p>\n<p><strong>Du \u00e4r v\u00e4lkommen att kontakta Styrelsen om du har fr\u00e5gor kring stadgarna<\/strong><br><strong>och dess tolkning.<\/strong><\/p>\t\t\t\t\t\t\t\t<\/div>\n\t\t\t\t<\/div>\n\t\t\t\t\t<\/div>\n\t\t<\/div>\n\t\t\t\t\t<\/div>\n\t\t<\/section>\n\t\t\t\t<\/div>\n\t\t","protected":false},"excerpt":{"rendered":"<p>Regler och stadgar H\u00e4r hittar du vad som g\u00e4ller vid jakt inom Delsbo VVO Regler och stadgar Regler och stadgar Information om v\u00e5ra stadgar finner du vid k\u00f6p av jaktkort samt i dokumentationen nedan.\u00a0 Stadgar Delsbo VVO 2025 Under 2024 och 2025 har Styrelsen arbetat med uppdateringar och \u00e4ndringar av f\u00f6reningens stadgar p\u00e5 uppdrag av [&hellip;]<\/p>\n","protected":false},"author":1,"featured_media":0,"parent":0,"menu_order":0,"comment_status":"closed","ping_status":"closed","template":"","meta":{"_acf_changed":false,"footnotes":""},"class_list":["post-222","page","type-page","status-publish","hentry"],"acf":[],"_links":{"self":[{"href":"https:\/\/delsbovvo.se\/index.php\/wp-json\/wp\/v2\/pages\/222","targetHints":{"allow":["GET"]}}],"collection":[{"href":"https:\/\/delsbovvo.se\/index.php\/wp-json\/wp\/v2\/pages"}],"about":[{"href":"https:\/\/delsbovvo.se\/index.php\/wp-json\/wp\/v2\/types\/page"}],"author":[{"embeddable":true,"href":"https:\/\/delsbovvo.se\/index.php\/wp-json\/wp\/v2\/users\/1"}],"replies":[{"embeddable":true,"href":"https:\/\/delsbovvo.se\/index.php\/wp-json\/wp\/v2\/comments?post=222"}],"version-history":[{"count":67,"href":"https:\/\/delsbovvo.se\/index.php\/wp-json\/wp\/v2\/pages\/222\/revisions"}],"predecessor-version":[{"id":3364,"href":"https:\/\/delsbovvo.se\/index.php\/wp-json\/wp\/v2\/pages\/222\/revisions\/3364"}],"wp:attachment":[{"href":"https:\/\/delsbovvo.se\/index.php\/wp-json\/wp\/v2\/media?parent=222"}],"curies":[{"name":"wp","href":"https:\/\/api.w.org\/{rel}","templated":true}]}}