{"id":2430,"date":"2024-07-24T21:26:13","date_gmt":"2024-07-24T19:26:13","guid":{"rendered":"https:\/\/delsbovvo.se\/?page_id=2430"},"modified":"2025-10-08T08:40:53","modified_gmt":"2025-10-08T06:40:53","slug":"skjutbanan","status":"publish","type":"page","link":"https:\/\/delsbovvo.se\/index.php\/skjutbanan\/","title":{"rendered":"Skjutbanan"},"content":{"rendered":"\t\t<div data-elementor-type=\"wp-page\" data-elementor-id=\"2430\" class=\"elementor elementor-2430\" data-elementor-post-type=\"page\">\n\t\t\t\t\t\t<section class=\"elementor-section elementor-top-section elementor-element elementor-element-a5b56fe elementor-section-boxed elementor-section-height-default elementor-section-height-default\" data-id=\"a5b56fe\" data-element_type=\"section\" data-e-type=\"section\">\n\t\t\t\t\t\t<div class=\"elementor-container elementor-column-gap-default\">\n\t\t\t\t\t<div class=\"elementor-column elementor-col-100 elementor-top-column elementor-element elementor-element-af23453\" data-id=\"af23453\" data-element_type=\"column\" data-e-type=\"column\">\n\t\t\t<div class=\"elementor-widget-wrap elementor-element-populated\">\n\t\t\t\t\t\t<div class=\"elementor-element elementor-element-e1e2125 elementor-widget__width-initial elementor-widget elementor-widget-image\" data-id=\"e1e2125\" data-element_type=\"widget\" data-e-type=\"widget\" data-widget_type=\"image.default\">\n\t\t\t\t<div class=\"elementor-widget-container\">\n\t\t\t\t\t\t\t\t\t\t\t\t\t\t\t<img decoding=\"async\" src=\"https:\/\/delsbovvo.se\/wp-content\/uploads\/2024\/08\/alg-80m.jpg\" title=\"\" alt=\"\" loading=\"lazy\" \/>\t\t\t\t\t\t\t\t\t\t\t\t\t\t\t<\/div>\n\t\t\t\t<\/div>\n\t\t\t\t\t<\/div>\n\t\t<\/div>\n\t\t\t\t\t<\/div>\n\t\t<\/section>\n\t\t\t\t<section class=\"elementor-section elementor-top-section elementor-element elementor-element-cf0c31b elementor-section-boxed elementor-section-height-default elementor-section-height-default\" data-id=\"cf0c31b\" data-element_type=\"section\" data-e-type=\"section\">\n\t\t\t\t\t\t<div class=\"elementor-container elementor-column-gap-default\">\n\t\t\t\t\t<div class=\"elementor-column elementor-col-100 elementor-top-column elementor-element elementor-element-596493f\" data-id=\"596493f\" data-element_type=\"column\" data-e-type=\"column\">\n\t\t\t<div class=\"elementor-widget-wrap\">\n\t\t\t\t\t\t\t<\/div>\n\t\t<\/div>\n\t\t\t\t\t<\/div>\n\t\t<\/section>\n\t\t\t\t<section class=\"elementor-section elementor-top-section elementor-element elementor-element-6562190 elementor-section-boxed elementor-section-height-default elementor-section-height-default\" data-id=\"6562190\" data-element_type=\"section\" data-e-type=\"section\">\n\t\t\t\t\t\t<div class=\"elementor-container elementor-column-gap-default\">\n\t\t\t\t\t<div class=\"elementor-column elementor-col-100 elementor-top-column elementor-element elementor-element-1d3bfe9\" data-id=\"1d3bfe9\" data-element_type=\"column\" data-e-type=\"column\">\n\t\t\t<div class=\"elementor-widget-wrap elementor-element-populated\">\n\t\t\t\t\t\t<div class=\"elementor-element elementor-element-e6060ec elementor-widget elementor-widget-text-editor\" data-id=\"e6060ec\" data-element_type=\"widget\" data-e-type=\"widget\" data-widget_type=\"text-editor.default\">\n\t\t\t\t<div class=\"elementor-widget-container\">\n\t\t\t\t\t\t\t\t\t<h4><strong>V\u00e4lkommen till Delsbo VVO\u00b4s Skjutbana i K\u00e4llbergsbo, Delsbo.<\/strong><\/h4><p>H\u00e4r kan du boka tid f\u00f6r \u00f6vningsskytte p\u00e5 \u00e4lg 80 m, sm\u00e5viltbana 50 m (endast kaliber .22). samt lerduvor.<\/p><p>Du bokar skjutbanan via Holmen Skogs Jaktrapport. &#8211; Godk\u00e4nd skjutledare kr\u00e4vs alltid vid nyttjandet av skjutbanan.<\/p><p>Se mer information nedan.<\/p><p><a href=\"https:\/\/delsbovvo.se\/wp-content\/uploads\/2022\/04\/Skjutledarutbildning-PM-2022-1.pdf\">Skjutledarutbildning PM 2022<\/a><\/p>\t\t\t\t\t\t\t\t<\/div>\n\t\t\t\t<\/div>\n\t\t\t\t<div class=\"elementor-element elementor-element-0778486 elementor-align-center elementor-widget elementor-widget-button\" data-id=\"0778486\" data-element_type=\"widget\" data-e-type=\"widget\" data-widget_type=\"button.default\">\n\t\t\t\t<div class=\"elementor-widget-container\">\n\t\t\t\t\t\t\t\t\t<div class=\"elementor-button-wrapper\">\n\t\t\t\t\t<a class=\"elementor-button elementor-button-link elementor-size-md\" href=\"https:\/\/jaktrapport.se\/bolag\/holmen\/\">\n\t\t\t\t\t\t<span class=\"elementor-button-content-wrapper\">\n\t\t\t\t\t\t\t\t\t<span class=\"elementor-button-text\">Boka skjutbana<\/span>\n\t\t\t\t\t<\/span>\n\t\t\t\t\t<\/a>\n\t\t\t\t<\/div>\n\t\t\t\t\t\t\t\t<\/div>\n\t\t\t\t<\/div>\n\t\t\t\t\t<\/div>\n\t\t<\/div>\n\t\t\t\t\t<\/div>\n\t\t<\/section>\n\t\t\t\t<section class=\"elementor-section elementor-top-section elementor-element elementor-element-70a59d4 elementor-section-boxed elementor-section-height-default elementor-section-height-default\" data-id=\"70a59d4\" data-element_type=\"section\" data-e-type=\"section\">\n\t\t\t\t\t\t<div class=\"elementor-container elementor-column-gap-default\">\n\t\t\t\t\t<div class=\"elementor-column elementor-col-100 elementor-top-column elementor-element elementor-element-fc1db12\" data-id=\"fc1db12\" data-element_type=\"column\" data-e-type=\"column\">\n\t\t\t<div class=\"elementor-widget-wrap elementor-element-populated\">\n\t\t\t\t\t\t<div class=\"elementor-element elementor-element-eb99f4e elementor-widget elementor-widget-heading\" data-id=\"eb99f4e\" data-element_type=\"widget\" data-e-type=\"widget\" data-widget_type=\"heading.default\">\n\t\t\t\t<div class=\"elementor-widget-container\">\n\t\t\t\t\t<h2 class=\"elementor-heading-title elementor-size-default\"><h3 data-elementor-setting-key=\"title_text\" data-elementor-inline-editing-toolbar=\"none\" data-pen-placeholder=\"Skriv h\u00e4r...\" style=\", sans-serif;font-weight: 600;text-align: center\">Skjutledare 2025<span style=\"font-size: 2rem\"><\/span><\/h3><\/h2>\t\t\t\t<\/div>\n\t\t\t\t<\/div>\n\t\t\t\t\t<\/div>\n\t\t<\/div>\n\t\t\t\t\t<\/div>\n\t\t<\/section>\n\t\t\t\t<section class=\"elementor-section elementor-top-section elementor-element elementor-element-3a50377 elementor-section-boxed elementor-section-height-default elementor-section-height-default\" data-id=\"3a50377\" data-element_type=\"section\" data-e-type=\"section\">\n\t\t\t\t\t\t<div class=\"elementor-container elementor-column-gap-default\">\n\t\t\t\t\t<div class=\"elementor-column elementor-col-100 elementor-top-column elementor-element elementor-element-f41b77d\" data-id=\"f41b77d\" data-element_type=\"column\" data-e-type=\"column\">\n\t\t\t<div class=\"elementor-widget-wrap elementor-element-populated\">\n\t\t\t\t\t\t<div class=\"elementor-element elementor-element-68b28f8 elementor-position-top elementor-widget elementor-widget-image-box\" data-id=\"68b28f8\" data-element_type=\"widget\" data-e-type=\"widget\" data-widget_type=\"image-box.default\">\n\t\t\t\t<div class=\"elementor-widget-container\">\n\t\t\t\t\t<div class=\"elementor-image-box-wrapper\"><figure class=\"elementor-image-box-img\"><img decoding=\"async\" src=\"https:\/\/delsbovvo.se\/wp-content\/uploads\/2025\/06\/Skarmbild-2025-06-26-133442.png\" title=\"\" alt=\"\" loading=\"lazy\" \/><\/figure><\/div>\t\t\t\t<\/div>\n\t\t\t\t<\/div>\n\t\t\t\t\t<\/div>\n\t\t<\/div>\n\t\t\t\t\t<\/div>\n\t\t<\/section>\n\t\t\t\t<\/div>\n\t\t","protected":false},"excerpt":{"rendered":"<p>V\u00e4lkommen till Delsbo VVO\u00b4s Skjutbana i K\u00e4llbergsbo, Delsbo. H\u00e4r kan du boka tid f\u00f6r \u00f6vningsskytte p\u00e5 \u00e4lg 80 m, sm\u00e5viltbana 50 m (endast kaliber .22). samt lerduvor. Du bokar skjutbanan via Holmen Skogs Jaktrapport. &#8211; Godk\u00e4nd skjutledare kr\u00e4vs alltid vid nyttjandet av skjutbanan. Se mer information nedan. Skjutledarutbildning PM 2022 Boka skjutbana Skjutledare 2025<\/p>\n","protected":false},"author":1,"featured_media":0,"parent":0,"menu_order":0,"comment_status":"closed","ping_status":"closed","template":"","meta":{"_acf_changed":false,"footnotes":""},"class_list":["post-2430","page","type-page","status-publish","hentry"],"acf":[],"_links":{"self":[{"href":"https:\/\/delsbovvo.se\/index.php\/wp-json\/wp\/v2\/pages\/2430","targetHints":{"allow":["GET"]}}],"collection":[{"href":"https:\/\/delsbovvo.se\/index.php\/wp-json\/wp\/v2\/pages"}],"about":[{"href":"https:\/\/delsbovvo.se\/index.php\/wp-json\/wp\/v2\/types\/page"}],"author":[{"embeddable":true,"href":"https:\/\/delsbovvo.se\/index.php\/wp-json\/wp\/v2\/users\/1"}],"replies":[{"embeddable":true,"href":"https:\/\/delsbovvo.se\/index.php\/wp-json\/wp\/v2\/comments?post=2430"}],"version-history":[{"count":1,"href":"https:\/\/delsbovvo.se\/index.php\/wp-json\/wp\/v2\/pages\/2430\/revisions"}],"predecessor-version":[{"id":3302,"href":"https:\/\/delsbovvo.se\/index.php\/wp-json\/wp\/v2\/pages\/2430\/revisions\/3302"}],"wp:attachment":[{"href":"https:\/\/delsbovvo.se\/index.php\/wp-json\/wp\/v2\/media?parent=2430"}],"curies":[{"name":"wp","href":"https:\/\/api.w.org\/{rel}","templated":true}]}}