{"id":3,"date":"2020-12-03T10:36:53","date_gmt":"2020-12-03T09:36:53","guid":{"rendered":"http:\/\/delsbovvo.se\/?page_id=3"},"modified":"2025-10-06T20:55:53","modified_gmt":"2025-10-06T18:55:53","slug":"integritetspolicy","status":"publish","type":"page","link":"https:\/\/delsbovvo.se\/index.php\/integritetspolicy\/","title":{"rendered":"Integritetspolicy"},"content":{"rendered":"\n<h1 class=\"wp-block-heading\">Villkor och information<\/h1>\n\n\n\n<p>Vid k\u00f6p av jaktkort ska du ha antingen ett giltigt:<\/p>\n\n\n\n<ul class=\"wp-block-list\">\n<li>arrendekontrakt<\/li>\n\n\n\n<li>eller bevis p\u00e5 att du har en jaktr\u00e4tts \u00f6verl\u00e5telse<\/li>\n\n\n\n<li>eller \u00e4r mark\u00e4gare<\/li>\n\n\n\n<li>\u00e4r skriven inom Delsbo VVO<\/li>\n<\/ul>\n\n\n\n<p>Du ska ha f\u00f6rs\u00e4kring, ett statligt jaktkort och kvittot p\u00e5 betald avgift ska alltid kunna&nbsp;uppvisas vid beg\u00e4ran fr\u00e5n styrelse eller jaktledning i skogen. Giltigt arrendekontrakt&nbsp;kan beg\u00e4ras av styrelsen.<\/p>\n\n\n\n<p>D\u00e5 du l\u00f6ser \u00e5rskort \u00e5r utrymmet litet f\u00f6r text men f\u00f6ljande skall var med:<\/p>\n\n\n\n<p>1. Namn (om annan \u00e4n du betalar m\u00e5ste namn skrivas.)<br>2. F\u00f6delsedata p\u00e5 personen det g\u00e4ller (\u00e5r \u2013 m\u00e5n &#8211; dag)<br>3. Fastighetsbeteckning p\u00e5 den fastighet du jagar p\u00e5 \u00e4ger, har&nbsp;\u00f6verl\u00e5telse eller arrenderar.<\/p>\n\n\n\n<h2 class=\"wp-block-heading\">F\u00f6retagsinformation<\/h2>\n\n\n\n<p>Inneh\u00e5llet i denna webbutik tillhandah\u00e5lls, uppdateras och hanteras av f\u00f6ljande f\u00f6retag: <br>Delsbo Viltv\u00e5rdsomr\u00e5desf\u00f6rening <br>c\/o Peter Eriksson S\u00f6dra Sann\u00e4s 13   824 74  Delsbo<\/p>\n\n\n\n<p>Organisationsnummer:&nbsp;887500-4825<br>E-postadress:&nbsp;<a href=\"mailto:orebro@jaktia.se\">sjogren-goran@bredband.net<\/a><\/p>\n\n\n\n<h2 class=\"wp-block-heading\">Betalning och priser<\/h2>\n\n\n\n<p>Alla priser \u00e4r dagsaktuella och kan komma att \u00e4ndras i framtiden. Individuellt och aktuellt totalpris f\u00f6r din best\u00e4llning summeras i kassan, inklusive eventuella avgifter f\u00f6r frakt och betalning, samt moms.<\/p>\n\n\n\n<p>Villkor f\u00f6r betalning anges \u00e4ven i kassan under respektive betalningsalternativ.<\/p>\n\n\n\n<h2 class=\"wp-block-heading\">Leveranser och returer<\/h2>\n\n\n\n<p>Vi erbjuder f\u00f6ljande leveransmetoder:<\/p>\n\n\n\n<ul class=\"wp-block-list\">\n<li>Leverans<br>Ett bekr\u00e4ftelsemail skickas omedelbart efter fullf\u00f6ljd betalning och g\u00e4ller som jaktkort.<\/li>\n<\/ul>\n\n\n\n<p>Villkor f\u00f6r leverans anges \u00e4ven i kassan under respektive leveranss\u00e4tt. Om leveransf\u00f6rsening uppst\u00e5r meddelar vi dig detta genom e-post. Du som kund har alltid r\u00e4tt att h\u00e4va k\u00f6pet vid leveransf\u00f6rseningar. Vi kommer att g\u00f6ra allt vi kan f\u00f6r att fullf\u00f6lja din best\u00e4llning. Det kan finnas tillf\u00e4llen som g\u00f6r det om\u00f6jligt att fullf\u00f6lja best\u00e4llningen, exempelvis d\u00e5 v\u00e5r leverant\u00f6r eller spedit\u00f6r inte kan fullf\u00f6lja deras \u00e5tagande till oss. Vi f\u00f6rbeh\u00e5ller oss r\u00e4tten att friskriva oss fr\u00e5n all ers\u00e4ttning till kund g\u00e4llande leveransf\u00f6rseningar.<\/p>\n\n\n\n<h3 class=\"wp-block-heading\"><\/h3>\n\n\n\n<p><\/p>\n\n\n\n<h3 class=\"wp-block-heading\"><\/h3>\n\n\n\n<p><\/p>\n\n\n\n<p><\/p>\n\n\n\n<h2 class=\"wp-block-heading\">Integritetspolicy<\/h2>\n\n\n\n<p>N\u00e4r du l\u00e4gger din best\u00e4llning hos oss beh\u00f6ver du uppge vissa personuppgifter. I samband med din best\u00e4llning godk\u00e4nner du att vi lagrar och anv\u00e4nder dina uppgifter i v\u00e5r verksamhet f\u00f6r att fullf\u00f6lja avtalet gentemot dig. Du har enligt personuppgiftslagen (PUL) r\u00e4tt att f\u00e5 den information som vi har registrerat om dig. Om den \u00e4r felaktig, ofullst\u00e4ndig eller irrelevant kan du beg\u00e4ra att informationen ska r\u00e4ttas eller tas bort. Kontakta oss i s\u00e5 fall via e-post.<\/p>\n","protected":false},"excerpt":{"rendered":"<p>Villkor och information Vid k\u00f6p av jaktkort ska du ha antingen ett giltigt: Du ska ha f\u00f6rs\u00e4kring, ett statligt jaktkort och kvittot p\u00e5 betald avgift ska alltid kunna&nbsp;uppvisas vid beg\u00e4ran fr\u00e5n styrelse eller jaktledning i skogen. Giltigt arrendekontrakt&nbsp;kan beg\u00e4ras av styrelsen. D\u00e5 du l\u00f6ser \u00e5rskort \u00e5r utrymmet litet f\u00f6r text men f\u00f6ljande skall var med: [&hellip;]<\/p>\n","protected":false},"author":1,"featured_media":0,"parent":0,"menu_order":0,"comment_status":"closed","ping_status":"open","template":"","meta":{"_acf_changed":false,"footnotes":""},"class_list":["post-3","page","type-page","status-publish","hentry"],"acf":[],"_links":{"self":[{"href":"https:\/\/delsbovvo.se\/index.php\/wp-json\/wp\/v2\/pages\/3","targetHints":{"allow":["GET"]}}],"collection":[{"href":"https:\/\/delsbovvo.se\/index.php\/wp-json\/wp\/v2\/pages"}],"about":[{"href":"https:\/\/delsbovvo.se\/index.php\/wp-json\/wp\/v2\/types\/page"}],"author":[{"embeddable":true,"href":"https:\/\/delsbovvo.se\/index.php\/wp-json\/wp\/v2\/users\/1"}],"replies":[{"embeddable":true,"href":"https:\/\/delsbovvo.se\/index.php\/wp-json\/wp\/v2\/comments?post=3"}],"version-history":[{"count":2,"href":"https:\/\/delsbovvo.se\/index.php\/wp-json\/wp\/v2\/pages\/3\/revisions"}],"predecessor-version":[{"id":3304,"href":"https:\/\/delsbovvo.se\/index.php\/wp-json\/wp\/v2\/pages\/3\/revisions\/3304"}],"wp:attachment":[{"href":"https:\/\/delsbovvo.se\/index.php\/wp-json\/wp\/v2\/media?parent=3"}],"curies":[{"name":"wp","href":"https:\/\/api.w.org\/{rel}","templated":true}]}}