{"id":498,"date":"2021-03-18T11:21:45","date_gmt":"2021-03-18T10:21:45","guid":{"rendered":"https:\/\/delsbovvo.se\/?page_id=498"},"modified":"2025-10-09T20:41:13","modified_gmt":"2025-10-09T18:41:13","slug":"aktuellt","status":"publish","type":"page","link":"https:\/\/delsbovvo.se\/index.php\/aktuellt\/","title":{"rendered":"Aktuellt"},"content":{"rendered":"\t\t<div data-elementor-type=\"wp-page\" data-elementor-id=\"498\" class=\"elementor elementor-498\" data-elementor-post-type=\"page\">\n\t\t\t\t\t\t<section class=\"elementor-section elementor-top-section elementor-element elementor-element-5f56b41 elementor-section-height-full elementor-section-boxed elementor-section-height-default elementor-section-items-middle\" data-id=\"5f56b41\" data-element_type=\"section\" data-e-type=\"section\" data-settings=\"{&quot;background_background&quot;:&quot;classic&quot;}\">\n\t\t\t\t\t\t\t<div class=\"elementor-background-overlay\"><\/div>\n\t\t\t\t\t\t\t<div class=\"elementor-container elementor-column-gap-default\">\n\t\t\t\t\t<div class=\"elementor-column elementor-col-100 elementor-top-column elementor-element elementor-element-74b541b\" data-id=\"74b541b\" data-element_type=\"column\" data-e-type=\"column\">\n\t\t\t<div class=\"elementor-widget-wrap elementor-element-populated\">\n\t\t\t\t\t\t<section class=\"elementor-section elementor-inner-section elementor-element elementor-element-577f66f elementor-section-boxed elementor-section-height-default elementor-section-height-default elementor-invisible\" data-id=\"577f66f\" data-element_type=\"section\" data-e-type=\"section\" data-settings=\"{&quot;animation&quot;:&quot;fadeInLeft&quot;}\">\n\t\t\t\t\t\t<div class=\"elementor-container elementor-column-gap-default\">\n\t\t\t\t\t<div class=\"elementor-column elementor-col-100 elementor-inner-column elementor-element elementor-element-0dac5e5\" data-id=\"0dac5e5\" data-element_type=\"column\" data-e-type=\"column\">\n\t\t\t<div class=\"elementor-widget-wrap elementor-element-populated\">\n\t\t\t\t\t\t<div class=\"elementor-element elementor-element-90de039 elementor-widget elementor-widget-heading\" data-id=\"90de039\" data-element_type=\"widget\" data-e-type=\"widget\" data-widget_type=\"heading.default\">\n\t\t\t\t<div class=\"elementor-widget-container\">\n\t\t\t\t\t<h1 class=\"elementor-heading-title elementor-size-default\">Aktuellt<\/h1>\t\t\t\t<\/div>\n\t\t\t\t<\/div>\n\t\t\t\t<div class=\"elementor-element elementor-element-edf078e elementor-widget elementor-widget-heading\" data-id=\"edf078e\" data-element_type=\"widget\" data-e-type=\"widget\" data-widget_type=\"heading.default\">\n\t\t\t\t<div class=\"elementor-widget-container\">\n\t\t\t\t\t<h4 class=\"elementor-heading-title elementor-size-default\">H\u00e4r hittar du de senaste h\u00e4ndelserna inom Delsbo VVO<\/h4>\t\t\t\t<\/div>\n\t\t\t\t<\/div>\n\t\t\t\t<div class=\"elementor-element elementor-element-2542e7f elementor-widget elementor-widget-spacer\" data-id=\"2542e7f\" data-element_type=\"widget\" data-e-type=\"widget\" data-widget_type=\"spacer.default\">\n\t\t\t\t<div class=\"elementor-widget-container\">\n\t\t\t\t\t\t\t<div class=\"elementor-spacer\">\n\t\t\t<div class=\"elementor-spacer-inner\"><\/div>\n\t\t<\/div>\n\t\t\t\t\t\t<\/div>\n\t\t\t\t<\/div>\n\t\t\t\t<div class=\"elementor-element elementor-element-80ffe87 elementor-widget elementor-widget-text-editor\" data-id=\"80ffe87\" data-element_type=\"widget\" data-e-type=\"widget\" data-widget_type=\"text-editor.default\">\n\t\t\t\t<div class=\"elementor-widget-container\">\n\t\t\t\t\t\t\t\t\t<h3><b>Ni hittar oss p\u00e5 Instagram och Facebook: Delsbo VVO<\/b><\/h3>\t\t\t\t\t\t\t\t<\/div>\n\t\t\t\t<\/div>\n\t\t\t\t<div class=\"elementor-element elementor-element-20a4844 elementor-view-stacked elementor-shape-rounded elementor-widget__width-initial elementor-widget elementor-widget-icon\" data-id=\"20a4844\" data-element_type=\"widget\" data-e-type=\"widget\" data-widget_type=\"icon.default\">\n\t\t\t\t<div class=\"elementor-widget-container\">\n\t\t\t\t\t\t\t<div class=\"elementor-icon-wrapper\">\n\t\t\t<div class=\"elementor-icon\">\n\t\t\t<i aria-hidden=\"true\" class=\"fab fa-facebook-square\"><\/i>\t\t\t<\/div>\n\t\t<\/div>\n\t\t\t\t\t\t<\/div>\n\t\t\t\t<\/div>\n\t\t\t\t<div class=\"elementor-element elementor-element-b001e32 elementor-view-stacked elementor-shape-rounded elementor-widget__width-initial elementor-widget elementor-widget-icon\" data-id=\"b001e32\" data-element_type=\"widget\" data-e-type=\"widget\" data-widget_type=\"icon.default\">\n\t\t\t\t<div class=\"elementor-widget-container\">\n\t\t\t\t\t\t\t<div class=\"elementor-icon-wrapper\">\n\t\t\t<div class=\"elementor-icon\">\n\t\t\t<i aria-hidden=\"true\" class=\"fab fa-instagram\"><\/i>\t\t\t<\/div>\n\t\t<\/div>\n\t\t\t\t\t\t<\/div>\n\t\t\t\t<\/div>\n\t\t\t\t<div class=\"elementor-element elementor-element-fcb94e4 elementor-widget elementor-widget-text-editor\" data-id=\"fcb94e4\" data-element_type=\"widget\" data-e-type=\"widget\" data-widget_type=\"text-editor.default\">\n\t\t\t\t<div class=\"elementor-widget-container\">\n\t\t\t\t\t\t\t\t\t<h5>\u00a0<\/h5><h5><b>Syftet med Delsbo viltv\u00e5rdsomr\u00e5de \u00e4r att fr\u00e4mja viltv\u00e5rden genom samordning av jakt och \u00e5tg\u00e4rder till skydd och st\u00f6d f\u00f6r viltet. Delsbo viltv\u00e5rdsomr\u00e5des f\u00f6rening\u00a0 (Delsbo VVO) bildades 2001 fr\u00e5n att tidigare ben\u00e4mnts jaktv\u00e5rdsomr\u00e5de 1960-70 talet. Omr\u00e5det best\u00e5r av ca 25 tusen hektar mark och ca 400 mark\u00e4gare.\u00a0<\/b><\/h5>\t\t\t\t\t\t\t\t<\/div>\n\t\t\t\t<\/div>\n\t\t\t\t\t<\/div>\n\t\t<\/div>\n\t\t\t\t\t<\/div>\n\t\t<\/section>\n\t\t\t\t\t<\/div>\n\t\t<\/div>\n\t\t\t\t\t<\/div>\n\t\t<\/section>\n\t\t\t\t<section class=\"elementor-section elementor-top-section elementor-element elementor-element-92df602 elementor-section-boxed elementor-section-height-default elementor-section-height-default\" data-id=\"92df602\" data-element_type=\"section\" data-e-type=\"section\">\n\t\t\t\t\t\t<div class=\"elementor-container elementor-column-gap-default\">\n\t\t\t\t\t<div class=\"elementor-column elementor-col-100 elementor-top-column elementor-element elementor-element-962a17e\" data-id=\"962a17e\" data-element_type=\"column\" data-e-type=\"column\">\n\t\t\t<div class=\"elementor-widget-wrap elementor-element-populated\">\n\t\t\t\t\t\t\t<\/div>\n\t\t<\/div>\n\t\t\t\t\t<\/div>\n\t\t<\/section>\n\t\t\t\t<section class=\"elementor-section elementor-top-section elementor-element elementor-element-20b9f97 elementor-section-boxed elementor-section-height-default elementor-section-height-default\" data-id=\"20b9f97\" data-element_type=\"section\" data-e-type=\"section\">\n\t\t\t\t\t\t<div class=\"elementor-container elementor-column-gap-default\">\n\t\t\t\t\t<div class=\"elementor-column elementor-col-100 elementor-top-column elementor-element elementor-element-475c2a3\" data-id=\"475c2a3\" data-element_type=\"column\" data-e-type=\"column\">\n\t\t\t<div class=\"elementor-widget-wrap elementor-element-populated\">\n\t\t\t\t\t\t<div class=\"elementor-element elementor-element-f167985 elementor-widget elementor-widget-text-editor\" data-id=\"f167985\" data-element_type=\"widget\" data-e-type=\"widget\" data-widget_type=\"text-editor.default\">\n\t\t\t\t<div class=\"elementor-widget-container\">\n\t\t\t\t\t\t\t\t\t<h5>Se information under fliken <strong>&#8221;Regler och stadgar&#8221;.&nbsp;<\/strong><\/h5>\t\t\t\t\t\t\t\t<\/div>\n\t\t\t\t<\/div>\n\t\t\t\t\t<\/div>\n\t\t<\/div>\n\t\t\t\t\t<\/div>\n\t\t<\/section>\n\t\t\t\t<\/div>\n\t\t","protected":false},"excerpt":{"rendered":"<p>Aktuellt H\u00e4r hittar du de senaste h\u00e4ndelserna inom Delsbo VVO Ni hittar oss p\u00e5 Instagram och Facebook: Delsbo VVO \u00a0 Syftet med Delsbo viltv\u00e5rdsomr\u00e5de \u00e4r att fr\u00e4mja viltv\u00e5rden genom samordning av jakt och \u00e5tg\u00e4rder till skydd och st\u00f6d f\u00f6r viltet. Delsbo viltv\u00e5rdsomr\u00e5des f\u00f6rening\u00a0 (Delsbo VVO) bildades 2001 fr\u00e5n att tidigare ben\u00e4mnts jaktv\u00e5rdsomr\u00e5de 1960-70 talet. Omr\u00e5det [&hellip;]<\/p>\n","protected":false},"author":1,"featured_media":0,"parent":0,"menu_order":0,"comment_status":"closed","ping_status":"closed","template":"","meta":{"_acf_changed":false,"footnotes":""},"class_list":["post-498","page","type-page","status-publish","hentry"],"acf":[],"_links":{"self":[{"href":"https:\/\/delsbovvo.se\/index.php\/wp-json\/wp\/v2\/pages\/498","targetHints":{"allow":["GET"]}}],"collection":[{"href":"https:\/\/delsbovvo.se\/index.php\/wp-json\/wp\/v2\/pages"}],"about":[{"href":"https:\/\/delsbovvo.se\/index.php\/wp-json\/wp\/v2\/types\/page"}],"author":[{"embeddable":true,"href":"https:\/\/delsbovvo.se\/index.php\/wp-json\/wp\/v2\/users\/1"}],"replies":[{"embeddable":true,"href":"https:\/\/delsbovvo.se\/index.php\/wp-json\/wp\/v2\/comments?post=498"}],"version-history":[{"count":20,"href":"https:\/\/delsbovvo.se\/index.php\/wp-json\/wp\/v2\/pages\/498\/revisions"}],"predecessor-version":[{"id":3367,"href":"https:\/\/delsbovvo.se\/index.php\/wp-json\/wp\/v2\/pages\/498\/revisions\/3367"}],"wp:attachment":[{"href":"https:\/\/delsbovvo.se\/index.php\/wp-json\/wp\/v2\/media?parent=498"}],"curies":[{"name":"wp","href":"https:\/\/api.w.org\/{rel}","templated":true}]}}